{"id":2778,"date":"2026-03-17T08:20:19","date_gmt":"2026-03-17T08:20:19","guid":{"rendered":"https:\/\/benzy.eu\/?page_id=2778"},"modified":"2026-03-17T09:30:50","modified_gmt":"2026-03-17T09:30:50","slug":"werkstudentin-m-w-d-produktion-abfuellanlage","status":"publish","type":"page","link":"https:\/\/benzy.eu\/en\/werkstudentin-m-w-d-produktion-abfuellanlage\/","title":{"rendered":"Werkstudent:in (m\/w\/d) \u2013 Produktion \/ Abf\u00fcllanlage"},"content":{"rendered":"<div data-elementor-type=\"wp-page\" data-elementor-id=\"2778\" class=\"elementor elementor-2778\" data-elementor-post-type=\"page\">\n\t\t\t\t<div class=\"elementor-element elementor-element-f2daa62 e-flex e-con-boxed e-con e-parent\" data-id=\"f2daa62\" data-element_type=\"container\">\n\t\t\t\t\t<div class=\"e-con-inner\">\n\t\t<div class=\"elementor-element elementor-element-514e483 e-con-full e-flex e-con e-child\" data-id=\"514e483\" data-element_type=\"container\">\n\t\t\t\t<div class=\"elementor-element elementor-element-a38e9b3 elementor-widget__width-initial elementor-widget elementor-widget-heading\" data-id=\"a38e9b3\" data-element_type=\"widget\" data-widget_type=\"heading.default\">\n\t\t\t\t<div class=\"elementor-widget-container\">\n\t\t\t\t\t<h1 class=\"elementor-heading-title elementor-size-default\">Werkstudent:in (m\/w\/d) \u2013 Produktion \/ Abf\u00fcllanlage | 485 \u20ac \/ Monat<\/h1>\t\t\t\t<\/div>\n\t\t\t\t<\/div>\n\t\t\t\t<div class=\"elementor-element elementor-element-97aec67 elementor-widget__width-initial elementor-widget elementor-widget-text-editor\" data-id=\"97aec67\" data-element_type=\"widget\" data-widget_type=\"text-editor.default\">\n\t\t\t\t<div class=\"elementor-widget-container\">\n\t\t\t\t\t\t\t\t\t<ul><li>66287 G\u00f6ttelborn (Quierschied), Deutschland<\/li><\/ul>\t\t\t\t\t\t\t\t<\/div>\n\t\t\t\t<\/div>\n\t\t\t\t<\/div>\n\t\t<div class=\"elementor-element elementor-element-719250b e-con-full e-flex e-con e-child\" data-id=\"719250b\" data-element_type=\"container\">\n\t\t\t\t<div class=\"elementor-element elementor-element-b33189d elementor-align-center elementor-widget elementor-widget-button\" data-id=\"b33189d\" data-element_type=\"widget\" data-widget_type=\"button.default\">\n\t\t\t\t<div class=\"elementor-widget-container\">\n\t\t\t\t\t\t\t\t\t<div class=\"elementor-button-wrapper\">\n\t\t\t\t\t<a class=\"elementor-button elementor-button-link elementor-size-sm\" href=\"#kontakt\">\n\t\t\t\t\t\t<span class=\"elementor-button-content-wrapper\">\n\t\t\t\t\t\t\t\t\t<span class=\"elementor-button-text\">Direkt zum Bewerbungsformular<\/span>\n\t\t\t\t\t<\/span>\n\t\t\t\t\t<\/a>\n\t\t\t\t<\/div>\n\t\t\t\t\t\t\t\t<\/div>\n\t\t\t\t<\/div>\n\t\t\t\t<\/div>\n\t\t\t\t\t<\/div>\n\t\t\t\t<\/div>\n\t\t<div class=\"elementor-element elementor-element-146b370 e-flex e-con-boxed e-con e-parent\" data-id=\"146b370\" data-element_type=\"container\">\n\t\t\t\t\t<div class=\"e-con-inner\">\n\t\t<div class=\"elementor-element elementor-element-a44c088 e-con-full e-flex e-con e-child\" data-id=\"a44c088\" data-element_type=\"container\">\n\t\t\t\t<div class=\"elementor-element elementor-element-effb8ab elementor-widget__width-initial elementor-widget-mobile__width-inherit elementor-widget elementor-widget-text-editor\" data-id=\"effb8ab\" data-element_type=\"widget\" data-widget_type=\"text-editor.default\">\n\t\t\t\t<div class=\"elementor-widget-container\">\n\t\t\t\t\t\t\t\t\t<p>Uni, aber Konto leer? Komm zu <strong>BENZY<\/strong> und sammle<strong> echte Industrie-Erfahrung<\/strong> \u2013<br \/>bezahlt. Du arbeitest an unseren Produkten rund um<strong> Sneaker-Care<\/strong> (u.a. <strong>EMPIRE<\/strong>)<\/p>\t\t\t\t\t\t\t\t<\/div>\n\t\t\t\t<\/div>\n\t\t\t\t<\/div>\n\t\t\t\t\t<\/div>\n\t\t\t\t<\/div>\n\t\t<div class=\"elementor-element elementor-element-2519955 e-flex e-con-boxed e-con e-parent\" data-id=\"2519955\" data-element_type=\"container\">\n\t\t\t\t\t<div class=\"e-con-inner\">\n\t\t<div class=\"elementor-element elementor-element-a293028 e-con-full e-flex e-con e-child\" data-id=\"a293028\" data-element_type=\"container\">\n\t\t\t\t<div class=\"elementor-element elementor-element-d2a2cb6 elementor-widget__width-initial elementor-widget-mobile__width-inherit elementor-widget elementor-widget-text-editor\" data-id=\"d2a2cb6\" data-element_type=\"widget\" data-widget_type=\"text-editor.default\">\n\t\t\t\t<div class=\"elementor-widget-container\">\n\t\t\t\t\t\t\t\t\t<p><strong>Deine Tasks (hands-on):<\/strong><\/p><ul><li>Flaschen &amp; Umkartons vorbereiten<\/li><li>F\u00fcllmenge an der Maschine einstellen<\/li><li>Etikettierer bedienen<\/li><li>Trigger aufdrehen<\/li><li>Flaschen wiegen + kurz dokumentieren<\/li><li>Fertige Flaschen verpacken (Palettierung)<\/li><\/ul>\t\t\t\t\t\t\t\t<\/div>\n\t\t\t\t<\/div>\n\t\t\t\t<div class=\"elementor-element elementor-element-4e6723b elementor-widget__width-initial elementor-widget elementor-widget-text-editor\" data-id=\"4e6723b\" data-element_type=\"widget\" data-widget_type=\"text-editor.default\">\n\t\t\t\t<div class=\"elementor-widget-container\">\n\t\t\t\t\t\t\t\t\t<p><strong>Interesse?<\/strong><br \/>Schreib kurz Studiengang + Verf\u00fcgbarkeit an <span style=\"text-decoration: underline;\"><a href=\"mailto:karriere@benzy.eu\">karriere@benzy.eu<\/a><\/span> oder benutze unser Formular.<\/p>\t\t\t\t\t\t\t\t<\/div>\n\t\t\t\t<\/div>\n\t\t\t\t<\/div>\n\t\t<div class=\"elementor-element elementor-element-a73f6da e-con-full e-flex e-con e-child\" data-id=\"a73f6da\" data-element_type=\"container\">\n\t\t\t\t<div class=\"elementor-element elementor-element-b64f24a elementor-widget__width-initial elementor-widget-mobile__width-inherit elementor-widget elementor-widget-text-editor\" data-id=\"b64f24a\" data-element_type=\"widget\" data-widget_type=\"text-editor.default\">\n\t\t\t\t<div class=\"elementor-widget-container\">\n\t\t\t\t\t\t\t\t\t<p><strong>Passt zu dir, wenn du&#8230;<\/strong><\/p><ul><li>zuverl\u00e4ssig bist und sauber arbeitest<\/li><li>Bock auf Produktion\/Maschinen hast<\/li><li>1\u20132 Tage\/Woche regelm\u00e4\u00dfig verf\u00fcgbar bist<\/li><\/ul>\t\t\t\t\t\t\t\t<\/div>\n\t\t\t\t<\/div>\n\t\t\t\t<div class=\"elementor-element elementor-element-9f89011 elementor-widget__width-initial elementor-widget-mobile__width-inherit elementor-widget elementor-widget-text-editor\" data-id=\"9f89011\" data-element_type=\"widget\" data-widget_type=\"text-editor.default\">\n\t\t\t\t<div class=\"elementor-widget-container\">\n\t\t\t\t\t\t\t\t\t<p><strong>Du bekommst:<\/strong><\/p><ul><li>\u00a0<strong>485 \u20ac \/ Monat<\/strong> (studi-friendly)<\/li><li>schnelle Einarbeitung + gutes Team<\/li><li>Praxis, die im Lebenslauf z\u00e4hlt<\/li><li>Perspektive: Werkstudent \u2192 Fest (bei uns schon passiert)<\/li><\/ul>\t\t\t\t\t\t\t\t<\/div>\n\t\t\t\t<\/div>\n\t\t\t\t<\/div>\n\t\t\t\t\t<\/div>\n\t\t\t\t<\/div>\n\t\t<div class=\"elementor-element elementor-element-3acae1b e-flex e-con-boxed e-con e-parent\" data-id=\"3acae1b\" data-element_type=\"container\" id=\"kontakt\">\n\t\t\t\t\t<div class=\"e-con-inner\">\n\t\t<div class=\"elementor-element elementor-element-cd36595 e-con-full e-flex e-con e-child\" data-id=\"cd36595\" data-element_type=\"container\">\n\t\t\t\t<\/div>\n\t\t<div class=\"elementor-element elementor-element-4f7c95e e-con-full e-flex e-con e-child\" data-id=\"4f7c95e\" data-element_type=\"container\">\n\t\t\t\t<div class=\"elementor-element elementor-element-8059118 elementor-widget__width-inherit elementor-widget elementor-widget-text-editor\" data-id=\"8059118\" data-element_type=\"widget\" data-widget_type=\"text-editor.default\">\n\t\t\t\t<div class=\"elementor-widget-container\">\n\t\t\t\t\t\t\t\t\t<p><b>\u00dcber unser Formular bewerben:<\/b><\/p>\t\t\t\t\t\t\t\t<\/div>\n\t\t\t\t<\/div>\n\t\t\t\t<div class=\"elementor-element elementor-element-5fe71ef elementor-widget__width-inherit elementor-widget-mobile__width-auto elementor-button-align-stretch elementor-widget elementor-widget-form\" data-id=\"5fe71ef\" data-element_type=\"widget\" data-settings=\"{&quot;step_next_label&quot;:&quot;Next&quot;,&quot;step_previous_label&quot;:&quot;Previous&quot;,&quot;button_width&quot;:&quot;100&quot;,&quot;step_type&quot;:&quot;number_text&quot;,&quot;step_icon_shape&quot;:&quot;circle&quot;}\" data-widget_type=\"form.default\">\n\t\t\t\t<div class=\"elementor-widget-container\">\n\t\t\t\t\t\t\t<form class=\"elementor-form\" method=\"post\" name=\"New Form\" aria-label=\"New Form\" action=\"\">\n\t\t\t<input type=\"hidden\" name=\"post_id\" value=\"2778\"\/>\n\t\t\t<input type=\"hidden\" name=\"form_id\" value=\"5fe71ef\"\/>\n\t\t\t<input type=\"hidden\" name=\"referer_title\" value=\"Werkstudent:in (m\/w\/d) \u2013 Produktion \/ Abf\u00fcllanlage\" \/>\n\n\t\t\t\t\t\t\t<input type=\"hidden\" name=\"queried_id\" value=\"2778\"\/>\n\t\t\t\n\t\t\t<div class=\"elementor-form-fields-wrapper elementor-labels-\">\n\t\t\t\t\t\t\t\t<div class=\"elementor-field-type-text elementor-field-group elementor-column elementor-field-group-name elementor-col-100 elementor-field-required\">\n\t\t\t\t\t\t\t\t\t\t\t\t<label for=\"form-field-name\" class=\"elementor-field-label elementor-screen-only\">\n\t\t\t\t\t\t\t\tName: \t\t\t\t\t\t\t<\/label>\n\t\t\t\t\t\t\t\t\t\t\t\t\t\t<input size=\"1\" type=\"text\" name=\"form_fields[name]\" id=\"form-field-name\" class=\"elementor-field elementor-size-sm  elementor-field-textual\" placeholder=\"Name\" required=\"required\">\n\t\t\t\t\t\t\t\t\t\t\t<\/div>\n\t\t\t\t\t\t\t\t<div class=\"elementor-field-type-email elementor-field-group elementor-column elementor-field-group-email elementor-col-100 elementor-field-required\">\n\t\t\t\t\t\t\t\t\t\t\t\t<label for=\"form-field-email\" class=\"elementor-field-label elementor-screen-only\">\n\t\t\t\t\t\t\t\tE-Mail: \t\t\t\t\t\t\t<\/label>\n\t\t\t\t\t\t\t\t\t\t\t\t\t\t<input size=\"1\" type=\"email\" name=\"form_fields[email]\" id=\"form-field-email\" class=\"elementor-field elementor-size-sm  elementor-field-textual\" placeholder=\"E-Mail\" required=\"required\">\n\t\t\t\t\t\t\t\t\t\t\t<\/div>\n\t\t\t\t\t\t\t\t<div class=\"elementor-field-type-textarea elementor-field-group elementor-column elementor-field-group-message elementor-col-100 elementor-field-required\">\n\t\t\t\t\t\t\t\t\t\t\t\t<label for=\"form-field-message\" class=\"elementor-field-label elementor-screen-only\">\n\t\t\t\t\t\t\t\tAnschreiben: \t\t\t\t\t\t\t<\/label>\n\t\t\t\t\t\t<textarea class=\"elementor-field-textual elementor-field  elementor-size-sm\" name=\"form_fields[message]\" id=\"form-field-message\" rows=\"3\" placeholder=\"Studiengang + Verf\u00fcgbarkeit\" required=\"required\"><\/textarea>\t\t\t\t<\/div>\n\t\t\t\t\t\t\t\t<div class=\"elementor-field-type-upload elementor-field-group elementor-column elementor-field-group-field_f64ddd1 elementor-col-100\">\n\t\t\t\t\t\t\t<input type=\"file\" name=\"form_fields[field_f64ddd1][]\" id=\"form-field-field_f64ddd1\" class=\"elementor-field elementor-size-sm  elementor-upload-field\" multiple=\"multiple\" data-maxsize=\"10\" data-maxsize-message=\"Diese Datei \u00fcbersteigt die maximale Dateigr\u00f6\u00dfe\">\n\n\t\t\t\t\t\t<\/div>\n\t\t\t\t\t\t\t\t<div class=\"elementor-field-type-acceptance elementor-field-group elementor-column elementor-field-group-field_1f37f23 elementor-col-100\">\n\t\t\t\t\t\t\t<div class=\"elementor-field-subgroup\">\n\t\t\t<span class=\"elementor-field-option\">\n\t\t\t\t<input type=\"checkbox\" name=\"form_fields[field_1f37f23]\" id=\"form-field-field_1f37f23\" class=\"elementor-field elementor-size-sm  elementor-acceptance-field\">\n\t\t\t\t<label for=\"form-field-field_1f37f23\">Hiermit akzeptiere ich die <a href=\"https:\/\/benzy.eu\/en\/datenschutz\/\" target=\"_blank\">Privacy policy<\/a> der BENZY Markenprodukte GmbH<\/label>\t\t\t<\/span>\n\t\t<\/div>\n\t\t\t\t\t\t<\/div>\n\t\t\t\t\t\t\t\t<div class=\"elementor-field-group elementor-column elementor-field-type-submit elementor-col-100 e-form__buttons\">\n\t\t\t\t\t<button class=\"elementor-button elementor-size-sm\" type=\"submit\">\n\t\t\t\t\t\t<span class=\"elementor-button-content-wrapper\">\n\t\t\t\t\t\t\t\t\t\t\t\t\t\t\t\t\t\t\t\t\t\t<span class=\"elementor-button-text\">Bewerbung senden<\/span>\n\t\t\t\t\t\t\t\t\t\t\t\t\t<\/span>\n\t\t\t\t\t<\/button>\n\t\t\t\t<\/div>\n\t\t\t<\/div>\n\t\t<input type=\"hidden\" name=\"trp-form-language\" value=\"en\"\/><\/form>\n\t\t\t\t\t\t<\/div>\n\t\t\t\t<\/div>\n\t\t\t\t<\/div>\n\t\t<div class=\"elementor-element elementor-element-aa23692 e-con-full e-flex e-con e-child\" data-id=\"aa23692\" data-element_type=\"container\">\n\t\t\t\t<\/div>\n\t\t\t\t\t<\/div>\n\t\t\t\t<\/div>\n\t\t\t\t<\/div>","protected":false},"excerpt":{"rendered":"<p>Werkstudent:in (m\/w\/d) \u2013 Produktion \/ Abf\u00fcllanlage | 485 \u20ac \/ Monat 66287 G\u00f6ttelborn (Quierschied), Deutschland Direkt zum Bewerbungsformular Uni, aber Konto leer? Komm zu BENZY und sammle echte Industrie-Erfahrung \u2013bezahlt. Du arbeitest an unseren Produkten rund um Sneaker-Care (u.a. EMPIRE) Deine Tasks (hands-on): Flaschen &amp; Umkartons vorbereiten F\u00fcllmenge an der Maschine einstellen Etikettierer bedienen Trigger [&hellip;]<\/p>","protected":false},"author":1,"featured_media":0,"parent":0,"menu_order":0,"comment_status":"closed","ping_status":"closed","template":"","meta":{"footnotes":""},"class_list":["post-2778","page","type-page","status-publish","hentry"],"_links":{"self":[{"href":"https:\/\/benzy.eu\/en\/wp-json\/wp\/v2\/pages\/2778","targetHints":{"allow":["GET"]}}],"collection":[{"href":"https:\/\/benzy.eu\/en\/wp-json\/wp\/v2\/pages"}],"about":[{"href":"https:\/\/benzy.eu\/en\/wp-json\/wp\/v2\/types\/page"}],"author":[{"embeddable":true,"href":"https:\/\/benzy.eu\/en\/wp-json\/wp\/v2\/users\/1"}],"replies":[{"embeddable":true,"href":"https:\/\/benzy.eu\/en\/wp-json\/wp\/v2\/comments?post=2778"}],"version-history":[{"count":10,"href":"https:\/\/benzy.eu\/en\/wp-json\/wp\/v2\/pages\/2778\/revisions"}],"predecessor-version":[{"id":2791,"href":"https:\/\/benzy.eu\/en\/wp-json\/wp\/v2\/pages\/2778\/revisions\/2791"}],"wp:attachment":[{"href":"https:\/\/benzy.eu\/en\/wp-json\/wp\/v2\/media?parent=2778"}],"curies":[{"name":"wp","href":"https:\/\/api.w.org\/{rel}","templated":true}]}}