{"id":2547,"date":"2025-03-20T15:07:29","date_gmt":"2025-03-20T15:07:29","guid":{"rendered":"https:\/\/benzy.eu\/?page_id=2547"},"modified":"2026-03-17T09:25:04","modified_gmt":"2026-03-17T09:25:04","slug":"aktuelle-stellenausschreiben","status":"publish","type":"page","link":"https:\/\/benzy.eu\/en\/aktuelle-stellenausschreiben\/","title":{"rendered":"Aktuelle Stellenausschreiben bei BENZY"},"content":{"rendered":"<div data-elementor-type=\"wp-page\" data-elementor-id=\"2547\" class=\"elementor elementor-2547\" data-elementor-post-type=\"page\">\n\t\t\t\t<div class=\"elementor-element elementor-element-5b99134 e-flex e-con-boxed e-con e-parent\" data-id=\"5b99134\" data-element_type=\"container\">\n\t\t\t\t\t<div class=\"e-con-inner\">\n\t\t<div class=\"elementor-element elementor-element-daa4533 e-con-full e-flex e-con e-child\" data-id=\"daa4533\" data-element_type=\"container\">\n\t\t\t\t<div class=\"elementor-element elementor-element-b27ab86 elementor-widget elementor-widget-image\" data-id=\"b27ab86\" data-element_type=\"widget\" data-widget_type=\"image.default\">\n\t\t\t\t<div class=\"elementor-widget-container\">\n\t\t\t\t\t\t\t\t\t\t\t\t\t\t\t<img fetchpriority=\"high\" decoding=\"async\" width=\"577\" height=\"1014\" src=\"https:\/\/benzy.eu\/wp-content\/uploads\/2024\/06\/kontakt-e1718637464605.webp\" class=\"attachment-large size-large wp-image-1684\" alt=\"\" srcset=\"https:\/\/benzy.eu\/wp-content\/uploads\/2024\/06\/kontakt-e1718637464605.webp 577w, https:\/\/benzy.eu\/wp-content\/uploads\/2024\/06\/kontakt-e1718637464605-171x300.webp 171w, https:\/\/benzy.eu\/wp-content\/uploads\/2024\/06\/kontakt-e1718637464605-7x12.webp 7w\" sizes=\"(max-width: 577px) 100vw, 577px\" \/>\t\t\t\t\t\t\t\t\t\t\t\t\t\t\t<\/div>\n\t\t\t\t<\/div>\n\t\t\t\t<\/div>\n\t\t<div class=\"elementor-element elementor-element-626c7c1 e-con-full e-flex e-con e-child\" data-id=\"626c7c1\" data-element_type=\"container\">\n\t\t<div class=\"elementor-element elementor-element-e455603 e-con-full e-flex e-con e-child\" data-id=\"e455603\" data-element_type=\"container\">\n\t\t\t\t<div class=\"elementor-element elementor-element-3738895 elementor-widget elementor-widget-heading\" data-id=\"3738895\" data-element_type=\"widget\" data-widget_type=\"heading.default\">\n\t\t\t\t<div class=\"elementor-widget-container\">\n\t\t\t\t\t<h2 class=\"elementor-heading-title elementor-size-default\">Career with BENZY<\/h2>\t\t\t\t<\/div>\n\t\t\t\t<\/div>\n\t\t\t\t<div class=\"elementor-element elementor-element-e7a05dc elementor-widget__width-initial elementor-widget elementor-widget-text-editor\" data-id=\"e7a05dc\" data-element_type=\"widget\" data-widget_type=\"text-editor.default\">\n\t\t\t\t<div class=\"elementor-widget-container\">\n\t\t\t\t\t\t\t\t\t<p>BENZY bietet eine vielf\u00e4ltige Auswahl an Berufsm\u00f6glichkeiten. Ob als Chemiker, Laborant, Produktlabelkoordinator oder Sachbearbeiter \u2013 bei uns finden Sie spannende Aufgaben in einem innovativen Umfeld.<\/p><p>Senden Sie uns gerne Ihre Initiativbewerbung an <a class=\"cursor-pointer\" href=\"mailto:karriere@benzy.eu\" rel=\"noopener\" data-start=\"415\" data-end=\"432\">karriere@benzy.eu<\/a>.<\/p><p>Wir freuen uns darauf Sie kennenzulernen.<\/p>\t\t\t\t\t\t\t\t<\/div>\n\t\t\t\t<\/div>\n\t\t\t\t<\/div>\n\t\t\t\t<\/div>\n\t\t\t\t\t<\/div>\n\t\t\t\t<\/div>\n\t\t<div class=\"elementor-element elementor-element-3da83be e-flex e-con-boxed e-con e-parent\" data-id=\"3da83be\" data-element_type=\"container\">\n\t\t\t\t\t<div class=\"e-con-inner\">\n\t\t<div class=\"elementor-element elementor-element-5bcd129 e-con-full e-flex e-con e-child\" data-id=\"5bcd129\" data-element_type=\"container\">\n\t\t\t\t<div class=\"elementor-element elementor-element-9a6b442 elementor-widget elementor-widget-heading\" data-id=\"9a6b442\" data-element_type=\"widget\" data-widget_type=\"heading.default\">\n\t\t\t\t<div class=\"elementor-widget-container\">\n\t\t\t\t\t<h2 class=\"elementor-heading-title elementor-size-default\">Werkstudent:in (m\/w\/d) \u2013 Produktion \/ Abf\u00fcllanlage<\/h2>\t\t\t\t<\/div>\n\t\t\t\t<\/div>\n\t\t\t\t<div class=\"elementor-element elementor-element-3c986db elementor-widget__width-initial elementor-widget elementor-widget-text-editor\" data-id=\"3c986db\" data-element_type=\"widget\" data-widget_type=\"text-editor.default\">\n\t\t\t\t<div class=\"elementor-widget-container\">\n\t\t\t\t\t\t\t\t\t<p>Uni, aber Konto leer? Komm zu <strong>BENZY<\/strong> und sammle<strong> echte Industrie-Erfahrung<\/strong> \u2013<br \/>bezahlt.<\/p>\t\t\t\t\t\t\t\t<\/div>\n\t\t\t\t<\/div>\n\t\t\t\t<div class=\"elementor-element elementor-element-b292c26 elementor-mobile-align-left elementor-widget elementor-widget-button\" data-id=\"b292c26\" data-element_type=\"widget\" data-widget_type=\"button.default\">\n\t\t\t\t<div class=\"elementor-widget-container\">\n\t\t\t\t\t\t\t\t\t<div class=\"elementor-button-wrapper\">\n\t\t\t\t\t<a class=\"elementor-button elementor-button-link elementor-size-sm\" href=\"https:\/\/benzy.eu\/en\/werkstudentin-m-w-d-produktion-abfuellanlage\/\">\n\t\t\t\t\t\t<span class=\"elementor-button-content-wrapper\">\n\t\t\t\t\t\t\t\t\t<span class=\"elementor-button-text\">Mehr Erfahren<\/span>\n\t\t\t\t\t<\/span>\n\t\t\t\t\t<\/a>\n\t\t\t\t<\/div>\n\t\t\t\t\t\t\t\t<\/div>\n\t\t\t\t<\/div>\n\t\t\t\t<\/div>\n\t\t\t\t\t<\/div>\n\t\t\t\t<\/div>\n\t\t<div class=\"elementor-element elementor-element-1e740f2 e-flex e-con-boxed e-con e-parent\" data-id=\"1e740f2\" data-element_type=\"container\">\n\t\t\t\t\t<div class=\"e-con-inner\">\n\t\t<div class=\"elementor-element elementor-element-c82bff9 e-con-full elementor-hidden-desktop elementor-hidden-tablet elementor-hidden-mobile e-flex e-con e-child\" data-id=\"c82bff9\" data-element_type=\"container\">\n\t\t\t\t<div class=\"elementor-element elementor-element-1ee316e elementor-widget elementor-widget-heading\" data-id=\"1ee316e\" data-element_type=\"widget\" data-widget_type=\"heading.default\">\n\t\t\t\t<div class=\"elementor-widget-container\">\n\t\t\t\t\t<h2 class=\"elementor-heading-title elementor-size-default\">Chemielaborant(in), CTA (m\/w\/d)<\/h2>\t\t\t\t<\/div>\n\t\t\t\t<\/div>\n\t\t\t\t<div class=\"elementor-element elementor-element-015272a elementor-widget__width-initial elementor-widget elementor-widget-text-editor\" data-id=\"015272a\" data-element_type=\"widget\" data-widget_type=\"text-editor.default\">\n\t\t\t\t<div class=\"elementor-widget-container\">\n\t\t\t\t\t\t\t\t\t<p>Du verf\u00fcgst \u00fcber fundiertes chemisch-technisches Know-how und praktische Erfahrung in chemischen Synthesen sowie Formulierungen? Dann solltest du unbedingt weiterlesen!<\/p>\t\t\t\t\t\t\t\t<\/div>\n\t\t\t\t<\/div>\n\t\t\t\t<div class=\"elementor-element elementor-element-7f4268b elementor-mobile-align-left elementor-widget elementor-widget-button\" data-id=\"7f4268b\" data-element_type=\"widget\" data-widget_type=\"button.default\">\n\t\t\t\t<div class=\"elementor-widget-container\">\n\t\t\t\t\t\t\t\t\t<div class=\"elementor-button-wrapper\">\n\t\t\t\t\t<a class=\"elementor-button elementor-button-link elementor-size-sm\" href=\"https:\/\/benzy.eu\/en\/?page_id=2721\">\n\t\t\t\t\t\t<span class=\"elementor-button-content-wrapper\">\n\t\t\t\t\t\t\t\t\t<span class=\"elementor-button-text\">Mehr Erfahren<\/span>\n\t\t\t\t\t<\/span>\n\t\t\t\t\t<\/a>\n\t\t\t\t<\/div>\n\t\t\t\t\t\t\t\t<\/div>\n\t\t\t\t<\/div>\n\t\t\t\t<\/div>\n\t\t<div class=\"elementor-element elementor-element-ec5d9f2 e-con-full elementor-hidden-desktop elementor-hidden-tablet elementor-hidden-mobile e-flex e-con e-child\" data-id=\"ec5d9f2\" data-element_type=\"container\">\n\t\t\t\t<div class=\"elementor-element elementor-element-b58fc2d elementor-widget elementor-widget-heading\" data-id=\"b58fc2d\" data-element_type=\"widget\" data-widget_type=\"heading.default\">\n\t\t\t\t<div class=\"elementor-widget-container\">\n\t\t\t\t\t<h2 class=\"elementor-heading-title elementor-size-default\">Sachbearbeiter Auftragszentrum (m\/w\/d)<\/h2>\t\t\t\t<\/div>\n\t\t\t\t<\/div>\n\t\t\t\t<div class=\"elementor-element elementor-element-3c27626 elementor-widget__width-initial elementor-widget elementor-widget-text-editor\" data-id=\"3c27626\" data-element_type=\"widget\" data-widget_type=\"text-editor.default\">\n\t\t\t\t<div class=\"elementor-widget-container\">\n\t\t\t\t\t\t\t\t\t<p>Als Sachbearbeiter (m\/w\/d) im Auftragszentrum \u00fcbernimmst du die zentrale Koordination unserer Auftr\u00e4ge im europ\u00e4ischen Kontext. Dabei bist du der\/die erste Ansprechpartner\/in f\u00fcr alle Fragen rund um Zoll, Logistik und interne Auftragsbearbeitung.<\/p>\t\t\t\t\t\t\t\t<\/div>\n\t\t\t\t<\/div>\n\t\t\t\t<div class=\"elementor-element elementor-element-cc49ec8 elementor-mobile-align-left elementor-widget elementor-widget-button\" data-id=\"cc49ec8\" data-element_type=\"widget\" data-widget_type=\"button.default\">\n\t\t\t\t<div class=\"elementor-widget-container\">\n\t\t\t\t\t\t\t\t\t<div class=\"elementor-button-wrapper\">\n\t\t\t\t\t<a class=\"elementor-button elementor-button-link elementor-size-sm\" href=\"https:\/\/benzy.eu\/en\/?page_id=2575\">\n\t\t\t\t\t\t<span class=\"elementor-button-content-wrapper\">\n\t\t\t\t\t\t\t\t\t<span class=\"elementor-button-text\">Mehr Erfahren<\/span>\n\t\t\t\t\t<\/span>\n\t\t\t\t\t<\/a>\n\t\t\t\t<\/div>\n\t\t\t\t\t\t\t\t<\/div>\n\t\t\t\t<\/div>\n\t\t\t\t<\/div>\n\t\t<div class=\"elementor-element elementor-element-f65262c e-con-full elementor-hidden-desktop elementor-hidden-tablet elementor-hidden-mobile e-flex e-con e-child\" data-id=\"f65262c\" data-element_type=\"container\">\n\t\t\t\t<div class=\"elementor-element elementor-element-e2446a6 elementor-widget elementor-widget-heading\" data-id=\"e2446a6\" data-element_type=\"widget\" data-widget_type=\"heading.default\">\n\t\t\t\t<div class=\"elementor-widget-container\">\n\t\t\t\t\t<h2 class=\"elementor-heading-title elementor-size-default\">Internationaler Label &amp; Artwork Koordinator (m\/w\/d)<\/h2>\t\t\t\t<\/div>\n\t\t\t\t<\/div>\n\t\t\t\t<div class=\"elementor-element elementor-element-153ca5d elementor-widget__width-initial elementor-widget elementor-widget-text-editor\" data-id=\"153ca5d\" data-element_type=\"widget\" data-widget_type=\"text-editor.default\">\n\t\t\t\t<div class=\"elementor-widget-container\">\n\t\t\t\t\t\t\t\t\t<p>Du bist fasziniert von allem, was sich bedrucken l\u00e4sst? Als internationaler Label &amp; Artwork Coordinator (m\/w\/d) bist du bei uns f\u00fcr die komplette Abwicklung der Projekte zum Labelling unserer Produkte verantwortlich \u2013 von der ersten Idee bis zum finalen Druck.<\/p>\t\t\t\t\t\t\t\t<\/div>\n\t\t\t\t<\/div>\n\t\t\t\t<div class=\"elementor-element elementor-element-8b94ceb elementor-mobile-align-left elementor-widget elementor-widget-button\" data-id=\"8b94ceb\" data-element_type=\"widget\" data-widget_type=\"button.default\">\n\t\t\t\t<div class=\"elementor-widget-container\">\n\t\t\t\t\t\t\t\t\t<div class=\"elementor-button-wrapper\">\n\t\t\t\t\t<a class=\"elementor-button elementor-button-link elementor-size-sm\" href=\"https:\/\/benzy.eu\/en\/?page_id=2563\">\n\t\t\t\t\t\t<span class=\"elementor-button-content-wrapper\">\n\t\t\t\t\t\t\t\t\t<span class=\"elementor-button-text\">Mehr Erfahren<\/span>\n\t\t\t\t\t<\/span>\n\t\t\t\t\t<\/a>\n\t\t\t\t<\/div>\n\t\t\t\t\t\t\t\t<\/div>\n\t\t\t\t<\/div>\n\t\t\t\t<\/div>\n\t\t\t\t\t<\/div>\n\t\t\t\t<\/div>\n\t\t<div class=\"elementor-element elementor-element-6ff9538 elementor-hidden-desktop elementor-hidden-tablet elementor-hidden-mobile e-flex e-con-boxed e-con e-parent\" data-id=\"6ff9538\" data-element_type=\"container\">\n\t\t\t\t\t<div class=\"e-con-inner\">\n\t\t<div class=\"elementor-element elementor-element-9fa9660 e-con-full e-flex e-con e-child\" data-id=\"9fa9660\" data-element_type=\"container\">\n\t\t\t\t<div class=\"elementor-element elementor-element-a1fa86a elementor-widget elementor-widget-heading\" data-id=\"a1fa86a\" data-element_type=\"widget\" data-widget_type=\"heading.default\">\n\t\t\t\t<div class=\"elementor-widget-container\">\n\t\t\t\t\t<h2 class=\"elementor-heading-title elementor-size-default\">Eink\u00e4ufer (m\/w\/d) mit Schwerpunkt auf Chemie<\/h2>\t\t\t\t<\/div>\n\t\t\t\t<\/div>\n\t\t\t\t<div class=\"elementor-element elementor-element-fc11418 elementor-widget__width-initial elementor-widget elementor-widget-text-editor\" data-id=\"fc11418\" data-element_type=\"widget\" data-widget_type=\"text-editor.default\">\n\t\t\t\t<div class=\"elementor-widget-container\">\n\t\t\t\t\t\t\t\t\t<p>Du bist ein Organisationstalent und hast ein H\u00e4ndchen daf\u00fcr, erstklassige Konditionen auszuhandeln? Dann solltest du unbedingt weiterlesen!<\/p>\t\t\t\t\t\t\t\t<\/div>\n\t\t\t\t<\/div>\n\t\t\t\t<div class=\"elementor-element elementor-element-921c4f9 elementor-mobile-align-left elementor-widget elementor-widget-button\" data-id=\"921c4f9\" data-element_type=\"widget\" data-widget_type=\"button.default\">\n\t\t\t\t<div class=\"elementor-widget-container\">\n\t\t\t\t\t\t\t\t\t<div class=\"elementor-button-wrapper\">\n\t\t\t\t\t<a class=\"elementor-button elementor-button-link elementor-size-sm\" href=\"https:\/\/benzy.eu\/en\/?page_id=2587\">\n\t\t\t\t\t\t<span class=\"elementor-button-content-wrapper\">\n\t\t\t\t\t\t\t\t\t<span class=\"elementor-button-text\">Mehr Erfahren<\/span>\n\t\t\t\t\t<\/span>\n\t\t\t\t\t<\/a>\n\t\t\t\t<\/div>\n\t\t\t\t\t\t\t\t<\/div>\n\t\t\t\t<\/div>\n\t\t\t\t<\/div>\n\t\t<div class=\"elementor-element elementor-element-0e76e6c e-con-full e-flex e-con e-child\" data-id=\"0e76e6c\" data-element_type=\"container\">\n\t\t\t\t<div class=\"elementor-element elementor-element-bfe5984 elementor-widget elementor-widget-heading\" data-id=\"bfe5984\" data-element_type=\"widget\" data-widget_type=\"heading.default\">\n\t\t\t\t<div class=\"elementor-widget-container\">\n\t\t\t\t\t<h2 class=\"elementor-heading-title elementor-size-default\">Sachbearbeiter Auftragszentrum (m\/w\/d)<\/h2>\t\t\t\t<\/div>\n\t\t\t\t<\/div>\n\t\t\t\t<div class=\"elementor-element elementor-element-5ef6add elementor-widget__width-initial elementor-widget elementor-widget-text-editor\" data-id=\"5ef6add\" data-element_type=\"widget\" data-widget_type=\"text-editor.default\">\n\t\t\t\t<div class=\"elementor-widget-container\">\n\t\t\t\t\t\t\t\t\t<p>Als Sachbearbeiter (m\/w\/d) im Auftragszentrum \u00fcbernimmst du die zentrale Koordination unserer Auftr\u00e4ge im europ\u00e4ischen Kontext. Dabei bist du der\/die erste Ansprechpartner\/in f\u00fcr alle Fragen rund um Zoll, Logistik und interne Auftragsbearbeitung.<\/p>\t\t\t\t\t\t\t\t<\/div>\n\t\t\t\t<\/div>\n\t\t\t\t<div class=\"elementor-element elementor-element-0e92a5d elementor-mobile-align-left elementor-widget elementor-widget-button\" data-id=\"0e92a5d\" data-element_type=\"widget\" data-widget_type=\"button.default\">\n\t\t\t\t<div class=\"elementor-widget-container\">\n\t\t\t\t\t\t\t\t\t<div class=\"elementor-button-wrapper\">\n\t\t\t\t\t<a class=\"elementor-button elementor-button-link elementor-size-sm\" href=\"https:\/\/benzy.eu\/en\/?page_id=2575\">\n\t\t\t\t\t\t<span class=\"elementor-button-content-wrapper\">\n\t\t\t\t\t\t\t\t\t<span class=\"elementor-button-text\">Mehr Erfahren<\/span>\n\t\t\t\t\t<\/span>\n\t\t\t\t\t<\/a>\n\t\t\t\t<\/div>\n\t\t\t\t\t\t\t\t<\/div>\n\t\t\t\t<\/div>\n\t\t\t\t<\/div>\n\t\t<div class=\"elementor-element elementor-element-a9e653f e-con-full e-flex e-con e-child\" data-id=\"a9e653f\" data-element_type=\"container\">\n\t\t\t\t<div class=\"elementor-element elementor-element-4e0793d elementor-widget elementor-widget-heading\" data-id=\"4e0793d\" data-element_type=\"widget\" data-widget_type=\"heading.default\">\n\t\t\t\t<div class=\"elementor-widget-container\">\n\t\t\t\t\t<h2 class=\"elementor-heading-title elementor-size-default\">Internationaler Label &amp; Artwork Koordinator (m\/w\/d)<\/h2>\t\t\t\t<\/div>\n\t\t\t\t<\/div>\n\t\t\t\t<div class=\"elementor-element elementor-element-ba1a34b elementor-widget__width-initial elementor-widget elementor-widget-text-editor\" data-id=\"ba1a34b\" data-element_type=\"widget\" data-widget_type=\"text-editor.default\">\n\t\t\t\t<div class=\"elementor-widget-container\">\n\t\t\t\t\t\t\t\t\t<p>Du bist fasziniert von allem, was sich bedrucken l\u00e4sst? Als internationaler Label &amp; Artwork Coordinator (m\/w\/d) bist du bei uns f\u00fcr die komplette Abwicklung der Projekte zum Labelling unserer Produkte verantwortlich \u2013 von der ersten Idee bis zum finalen Druck.<\/p>\t\t\t\t\t\t\t\t<\/div>\n\t\t\t\t<\/div>\n\t\t\t\t<div class=\"elementor-element elementor-element-bff4b89 elementor-mobile-align-left elementor-widget elementor-widget-button\" data-id=\"bff4b89\" data-element_type=\"widget\" data-widget_type=\"button.default\">\n\t\t\t\t<div class=\"elementor-widget-container\">\n\t\t\t\t\t\t\t\t\t<div class=\"elementor-button-wrapper\">\n\t\t\t\t\t<a class=\"elementor-button elementor-button-link elementor-size-sm\" href=\"https:\/\/benzy.eu\/en\/?page_id=2563\">\n\t\t\t\t\t\t<span class=\"elementor-button-content-wrapper\">\n\t\t\t\t\t\t\t\t\t<span class=\"elementor-button-text\">Mehr Erfahren<\/span>\n\t\t\t\t\t<\/span>\n\t\t\t\t\t<\/a>\n\t\t\t\t<\/div>\n\t\t\t\t\t\t\t\t<\/div>\n\t\t\t\t<\/div>\n\t\t\t\t<\/div>\n\t\t\t\t\t<\/div>\n\t\t\t\t<\/div>\n\t\t\t\t<\/div>","protected":false},"excerpt":{"rendered":"<p>Karriere bei BENZY BENZY bietet eine vielf\u00e4ltige Auswahl an Berufsm\u00f6glichkeiten. Ob als Chemiker, Laborant, Produktlabelkoordinator oder Sachbearbeiter \u2013 bei uns finden Sie spannende Aufgaben in einem innovativen Umfeld. Senden Sie uns gerne Ihre Initiativbewerbung an karriere@benzy.eu. Wir freuen uns darauf Sie kennenzulernen. Werkstudent:in (m\/w\/d) \u2013 Produktion \/ Abf\u00fcllanlage Uni, aber Konto leer? Komm zu BENZY [&hellip;]<\/p>","protected":false},"author":1,"featured_media":0,"parent":0,"menu_order":0,"comment_status":"closed","ping_status":"closed","template":"","meta":{"footnotes":""},"class_list":["post-2547","page","type-page","status-publish","hentry"],"_links":{"self":[{"href":"https:\/\/benzy.eu\/en\/wp-json\/wp\/v2\/pages\/2547","targetHints":{"allow":["GET"]}}],"collection":[{"href":"https:\/\/benzy.eu\/en\/wp-json\/wp\/v2\/pages"}],"about":[{"href":"https:\/\/benzy.eu\/en\/wp-json\/wp\/v2\/types\/page"}],"author":[{"embeddable":true,"href":"https:\/\/benzy.eu\/en\/wp-json\/wp\/v2\/users\/1"}],"replies":[{"embeddable":true,"href":"https:\/\/benzy.eu\/en\/wp-json\/wp\/v2\/comments?post=2547"}],"version-history":[{"count":61,"href":"https:\/\/benzy.eu\/en\/wp-json\/wp\/v2\/pages\/2547\/revisions"}],"predecessor-version":[{"id":2782,"href":"https:\/\/benzy.eu\/en\/wp-json\/wp\/v2\/pages\/2547\/revisions\/2782"}],"wp:attachment":[{"href":"https:\/\/benzy.eu\/en\/wp-json\/wp\/v2\/media?parent=2547"}],"curies":[{"name":"wp","href":"https:\/\/api.w.org\/{rel}","templated":true}]}}