{"id":179,"date":"2024-03-28T14:51:22","date_gmt":"2024-03-28T14:51:22","guid":{"rendered":"http:\/\/benzy.eu\/?page_id=179"},"modified":"2025-01-30T14:47:14","modified_gmt":"2025-01-30T14:47:14","slug":"impressum","status":"publish","type":"page","link":"https:\/\/benzy.eu\/en\/impressum\/","title":{"rendered":"Legal notice"},"content":{"rendered":"<div data-elementor-type=\"wp-page\" data-elementor-id=\"179\" class=\"elementor elementor-179\" data-elementor-post-type=\"page\">\n\t\t\t\t<div class=\"elementor-element elementor-element-a31c766 e-flex e-con-boxed e-con e-parent\" data-id=\"a31c766\" data-element_type=\"container\">\n\t\t\t\t\t<div class=\"e-con-inner\">\n\t\t\t\t<div class=\"elementor-element elementor-element-9632f3e elementor-widget elementor-widget-text-editor\" data-id=\"9632f3e\" data-element_type=\"widget\" data-widget_type=\"text-editor.default\">\n\t\t\t\t<div class=\"elementor-widget-container\">\n\t\t\t\t\t\t\t\t\t<h2>Legal notice<\/h2><p>BENZY Markenprodukte GmbH<\/p><p>Zum Schacht 3<br \/>66287 G\u00f6ttelborn<br \/>Telefon: +49 6825 89698-0<\/p><p class=\"translation-block\"><strong>Commercial Register:<\/strong><br>Register Court: District Court of Saarbr\u00fccken<br>Registration Number: HRB 107725<\/p><p><strong>Managing Directors:\u00a0<\/strong><br \/>Salah Bendjaballah, Thomas Pellkofer, Holger Zytur<\/p><p class=\"translation-block\"><strong>VAT Identification Number:<\/strong><br>DE347193780<\/p><h5><strong>Liability for Content<\/strong><\/h5><p>Die Inhalte unserer Seiten wurden mit gr\u00f6\u00dfter Sorgfalt erstellt. F\u00fcr die Richtigkeit, Vollst\u00e4ndigkeit und Aktualit\u00e4t der Inhalte k\u00f6nnen wir jedoch keine Gew\u00e4hr \u00fcbernehmen. Als Diensteanbieter sind wir f\u00fcr eigene Inhalte auf diesen Seiten nach den allgemeinen Gesetzen verantwortlich. Wir sind als Dienstanbieter jedoch nicht verpflichtet, \u00fcbermittelte oder gespeicherte fremde Informationen zu \u00fcberwachen oder nach Umst\u00e4nden zu forschen, die auf eine rechtswidrige T\u00e4tigkeit hinweisen. Verpflichtungen zur Entfernung oder Sperrung der Nutzung von Informationen nach den allgemeinen Gesetzen bleiben hiervon unber\u00fchrt. Eine diesbez\u00fcgliche Haftung ist jedoch erst ab dem Zeitpunkt der Kenntnis einer konkreten Rechtsverletzung m\u00f6glich. Bei Bekanntwerden von entsprechenden Rechtsverletzungen werden wir diese Inhalte umgehend entfernen.<\/p><h5><strong>Liablity for links<\/strong><\/h5><p>Our offer contains links to external third-party websites, over whose content we have no control. Therefore, we cannot assume any liability for these external contents. The respective provider or operator of the pages is always responsible for the content of the linked pages. The linked pages were checked for possible legal violations at the time of linking. Illegal content was not recognizable at the time of linking. However, a permanent content control of the linked pages is not reasonable without concrete evidence of a violation of law. Upon becoming aware of legal violations, we will remove such links immediately.<\/p><h5><strong>Copyright<\/strong><\/h5><p>The content and works created by the site operators on these pages are subject to German copyright law. Duplication, editing, distribution, and any kind of exploitation outside the limits of copyright law require the written consent of the respective author or creator. Downloads and copies of this site are only permitted for private, non-commercial use. Insofar as the content on this site was not created by the operator, the copyrights of third parties are respected. In particular, third-party content is marked as such. If you nevertheless become aware of a copyright infringement, please inform us accordingly. Upon becoming aware of legal violations, we will remove such content immediately.<\/p>\t\t\t\t\t\t\t\t<\/div>\n\t\t\t\t<\/div>\n\t\t\t\t\t<\/div>\n\t\t\t\t<\/div>\n\t\t<div class=\"elementor-element elementor-element-5a782b6 e-flex e-con-boxed e-con e-parent\" data-id=\"5a782b6\" data-element_type=\"container\">\n\t\t\t\t\t<div class=\"e-con-inner\">\n\t\t<div class=\"elementor-element elementor-element-dfd2290 e-con-full e-flex e-con e-child\" data-id=\"dfd2290\" data-element_type=\"container\">\n\t\t\t\t<div class=\"elementor-element elementor-element-111542b elementor-widget elementor-widget-text-editor\" data-id=\"111542b\" data-element_type=\"widget\" data-widget_type=\"text-editor.default\">\n\t\t\t\t<div class=\"elementor-widget-container\">\n\t\t\t\t\t\t\t\t\t<p><strong>Subpage Image Credits<\/strong><\/p>\t\t\t\t\t\t\t\t<\/div>\n\t\t\t\t<\/div>\n\t\t\t\t<\/div>\n\t\t\t\t\t<\/div>\n\t\t\t\t<\/div>\n\t\t<div class=\"elementor-element elementor-element-fea5f3f e-flex e-con-boxed e-con e-parent\" data-id=\"fea5f3f\" data-element_type=\"container\">\n\t\t\t\t\t<div class=\"e-con-inner\">\n\t\t<div class=\"elementor-element elementor-element-f172e46 e-con-full e-flex e-con e-child\" data-id=\"f172e46\" data-element_type=\"container\">\n\t\t\t\t<div class=\"elementor-element elementor-element-1adaa62 elementor-widget elementor-widget-image\" data-id=\"1adaa62\" data-element_type=\"widget\" data-widget_type=\"image.default\">\n\t\t\t\t<div class=\"elementor-widget-container\">\n\t\t\t\t\t\t\t\t\t\t\t\t\t\t\t<img fetchpriority=\"high\" decoding=\"async\" width=\"425\" height=\"285\" src=\"https:\/\/benzy.eu\/wp-content\/uploads\/2024\/06\/BENZY-Webseite-1.webp\" class=\"attachment-large size-large wp-image-1637\" alt=\"\" srcset=\"https:\/\/benzy.eu\/wp-content\/uploads\/2024\/06\/BENZY-Webseite-1.webp 425w, https:\/\/benzy.eu\/wp-content\/uploads\/2024\/06\/BENZY-Webseite-1-300x201.webp 300w, https:\/\/benzy.eu\/wp-content\/uploads\/2024\/06\/BENZY-Webseite-1-18x12.webp 18w\" sizes=\"(max-width: 425px) 100vw, 425px\" \/>\t\t\t\t\t\t\t\t\t\t\t\t\t\t\t<\/div>\n\t\t\t\t<\/div>\n\t\t\t\t<\/div>\n\t\t<div class=\"elementor-element elementor-element-e12be61 e-con-full e-flex e-con e-child\" data-id=\"e12be61\" data-element_type=\"container\">\n\t\t\t\t<div class=\"elementor-element elementor-element-ba83cf1 elementor-widget elementor-widget-text-editor\" data-id=\"ba83cf1\" data-element_type=\"widget\" data-widget_type=\"text-editor.default\">\n\t\t\t\t<div class=\"elementor-widget-container\">\n\t\t\t\t\t\t\t\t\t<p>BENZY Meeting | Image: Dominik Eder<\/p>\t\t\t\t\t\t\t\t<\/div>\n\t\t\t\t<\/div>\n\t\t\t\t<\/div>\n\t\t\t\t\t<\/div>\n\t\t\t\t<\/div>\n\t\t<div class=\"elementor-element elementor-element-b14fb86 e-flex e-con-boxed e-con e-parent\" data-id=\"b14fb86\" data-element_type=\"container\">\n\t\t\t\t\t<div class=\"e-con-inner\">\n\t\t<div class=\"elementor-element elementor-element-e6bc05d e-con-full e-flex e-con e-child\" data-id=\"e6bc05d\" data-element_type=\"container\">\n\t\t\t\t<div class=\"elementor-element elementor-element-5932ee1 elementor-widget elementor-widget-image\" data-id=\"5932ee1\" data-element_type=\"widget\" data-widget_type=\"image.default\">\n\t\t\t\t<div class=\"elementor-widget-container\">\n\t\t\t\t\t\t\t\t\t\t\t\t\t\t\t<img decoding=\"async\" width=\"577\" height=\"1014\" src=\"https:\/\/benzy.eu\/wp-content\/uploads\/2024\/06\/kontakt-e1718637464605.webp\" class=\"attachment-large size-large wp-image-1684\" alt=\"\" srcset=\"https:\/\/benzy.eu\/wp-content\/uploads\/2024\/06\/kontakt-e1718637464605.webp 577w, https:\/\/benzy.eu\/wp-content\/uploads\/2024\/06\/kontakt-e1718637464605-171x300.webp 171w, https:\/\/benzy.eu\/wp-content\/uploads\/2024\/06\/kontakt-e1718637464605-7x12.webp 7w\" sizes=\"(max-width: 577px) 100vw, 577px\" \/>\t\t\t\t\t\t\t\t\t\t\t\t\t\t\t<\/div>\n\t\t\t\t<\/div>\n\t\t\t\t<\/div>\n\t\t<div class=\"elementor-element elementor-element-2978392 e-con-full e-flex e-con e-child\" data-id=\"2978392\" data-element_type=\"container\">\n\t\t\t\t<div class=\"elementor-element elementor-element-2a959ab elementor-widget elementor-widget-text-editor\" data-id=\"2a959ab\" data-element_type=\"widget\" data-widget_type=\"text-editor.default\">\n\t\t\t\t<div class=\"elementor-widget-container\">\n\t\t\t\t\t\t\t\t\t<p>BENZY Company building | Image: Dominik Eder<\/p>\t\t\t\t\t\t\t\t<\/div>\n\t\t\t\t<\/div>\n\t\t\t\t<\/div>\n\t\t\t\t\t<\/div>\n\t\t\t\t<\/div>\n\t\t\t\t<\/div>","protected":false},"excerpt":{"rendered":"<p>Impressum BENZY Markenprodukte GmbH Zum Schacht 366287 G\u00f6ttelbornTelefon: +49 6825 89698-0 Handelsregister:\u00a0Registergericht: Amtsgericht Saarbr\u00fcckenRegisternummer: HRB 107725 Gesch\u00e4ftsf\u00fchrer:\u00a0Salah Bendjaballah, Thomas Pellkofer, Holger Zytur Umsatzsteuer-Identifikationsnummer: DE347193780 Haftung f\u00fcr Inhalte Die Inhalte unserer Seiten wurden mit gr\u00f6\u00dfter Sorgfalt erstellt. F\u00fcr die Richtigkeit, Vollst\u00e4ndigkeit und Aktualit\u00e4t der Inhalte k\u00f6nnen wir jedoch keine Gew\u00e4hr \u00fcbernehmen. Als Diensteanbieter sind wir f\u00fcr [&hellip;]<\/p>","protected":false},"author":1,"featured_media":0,"parent":0,"menu_order":0,"comment_status":"closed","ping_status":"closed","template":"elementor_header_footer","meta":{"footnotes":""},"class_list":["post-179","page","type-page","status-publish","hentry"],"_links":{"self":[{"href":"https:\/\/benzy.eu\/en\/wp-json\/wp\/v2\/pages\/179","targetHints":{"allow":["GET"]}}],"collection":[{"href":"https:\/\/benzy.eu\/en\/wp-json\/wp\/v2\/pages"}],"about":[{"href":"https:\/\/benzy.eu\/en\/wp-json\/wp\/v2\/types\/page"}],"author":[{"embeddable":true,"href":"https:\/\/benzy.eu\/en\/wp-json\/wp\/v2\/users\/1"}],"replies":[{"embeddable":true,"href":"https:\/\/benzy.eu\/en\/wp-json\/wp\/v2\/comments?post=179"}],"version-history":[{"count":3,"href":"https:\/\/benzy.eu\/en\/wp-json\/wp\/v2\/pages\/179\/revisions"}],"predecessor-version":[{"id":2496,"href":"https:\/\/benzy.eu\/en\/wp-json\/wp\/v2\/pages\/179\/revisions\/2496"}],"wp:attachment":[{"href":"https:\/\/benzy.eu\/en\/wp-json\/wp\/v2\/media?parent=179"}],"curies":[{"name":"wp","href":"https:\/\/api.w.org\/{rel}","templated":true}]}}